{"id":305,"date":"2019-02-01T18:48:18","date_gmt":"2019-02-01T21:48:18","guid":{"rendered":"http:\/\/96.125.178.223\/~santiagolena\/?page_id=305"},"modified":"2025-07-31T11:45:06","modified_gmt":"2025-07-31T14:45:06","slug":"recomendaciones-de-uso-y-politicas-de-cambio","status":"publish","type":"page","link":"https:\/\/mansha.santiagolena.com\/en\/recomendaciones-de-uso-y-politicas-de-cambio\/","title":{"rendered":"Recomendaciones de uso y Pol\u00edticas de cambio"},"content":{"rendered":"<h4 class=\"wp-block-heading\">RECOMENDACIONES DE USO<\/h4>\n\n\n\n<p>-Te recomendamos un tip para mantener tu vajilla Mansha libre de marcas y manchas (filos de cuchillos y\/o grasa). Cada tanto es conveniente pulir ligeramente tus piezas, esto se realiza con lija al agua (la de grano m\u00e1s fino que encuentres) un poquito de Cif en crema y agua, lijamos suavemente la superficie a renovar y en pocos minutos tras enjuagar con agua fr\u00eda podr\u00e1s notar el cambio y el nuevo brillo de tus piezas pulidas como reci\u00e9n salidas del horno.<\/p>\n\n\n\n<p>-Todas nuestras piezas son aptas para microondas, lavavajillas y horno. Es importante tener en cuenta que el cambio de temperatura o choque t\u00e9rmico puede provocar la rotura de las piezas, por lo tanto, te recomendamos apoyar sobre un repasador o tabla de madera una vez que saques tu pieza del horno para que la temperatura se regule gradualmente y no genere un quiebre en la base de la pieza.<\/p>\n\n\n\n<p><\/p>\n\n\n\n<h4 class=\"wp-block-heading\">CAMBIOS Y DEVOLUCIONES<\/h4>\n\n\n\n<p>-Solo se aceptan devoluciones en caso de rotura por el flete (enviar numero de pedido y foto en el plazo de 48 hs de haber recibido el pedido a <a href=\"mailto:manshaceramica@gmail.com\">manshaceramica@gmail.com<\/a> y a nuestro whatsapp 351 2737967).<\/p>\n\n\n\n<p>-No se aceptan cambios pasados los 30 d\u00edas de recibir el pedido.<\/p>\n\n\n\n<p>-Las piezas tienen devoluci\u00f3n \u00fanicamente en caso de fallas.<\/p>\n\n\n\n<p>-En caso de devoluci\u00f3n de piezas o cancelaci\u00f3n de la compra, no se devolver\u00e1 el dinero, se puede cambiar por otra pieza disponible en stock o se genera nota de cr\u00e9dito por el importe recibido.<\/p>\n\n\n\n<p><\/p>","protected":false},"excerpt":{"rendered":"<p>RECOMENDACIONES DE USO -Te recomendamos un tip para mantener tu vajilla Mansha libre de marcas y manchas (filos de cuchillos y\/o grasa). Cada tanto es conveniente pulir ligeramente tus piezas, esto se realiza con lija al agua (la de grano m\u00e1s fino que encuentres) un poquito de Cif en crema y agua, lijamos suavemente la [&hellip;]<\/p>\n","protected":false},"author":1,"featured_media":0,"parent":0,"menu_order":0,"comment_status":"closed","ping_status":"closed","template":"","meta":{"_acf_changed":false,"_monsterinsights_skip_tracking":false,"_monsterinsights_sitenote_active":false,"_monsterinsights_sitenote_note":"","_monsterinsights_sitenote_category":0,"_joinchat":[],"footnotes":""},"class_list":["post-305","page","type-page","status-publish","hentry"],"blocksy_meta":{"styles_descriptor":{"styles":{"desktop":"","tablet":"","mobile":""},"google_fonts":[],"version":6},"content_style_source":"inherit","vertical_spacing_source":"custom"},"acf":[],"brizy_media":[],"_links":{"self":[{"href":"https:\/\/mansha.santiagolena.com\/en\/wp-json\/wp\/v2\/pages\/305","targetHints":{"allow":["GET"]}}],"collection":[{"href":"https:\/\/mansha.santiagolena.com\/en\/wp-json\/wp\/v2\/pages"}],"about":[{"href":"https:\/\/mansha.santiagolena.com\/en\/wp-json\/wp\/v2\/types\/page"}],"author":[{"embeddable":true,"href":"https:\/\/mansha.santiagolena.com\/en\/wp-json\/wp\/v2\/users\/1"}],"replies":[{"embeddable":true,"href":"https:\/\/mansha.santiagolena.com\/en\/wp-json\/wp\/v2\/comments?post=305"}],"version-history":[{"count":3,"href":"https:\/\/mansha.santiagolena.com\/en\/wp-json\/wp\/v2\/pages\/305\/revisions"}],"predecessor-version":[{"id":8794,"href":"https:\/\/mansha.santiagolena.com\/en\/wp-json\/wp\/v2\/pages\/305\/revisions\/8794"}],"wp:attachment":[{"href":"https:\/\/mansha.santiagolena.com\/en\/wp-json\/wp\/v2\/media?parent=305"}],"curies":[{"name":"wp","href":"https:\/\/api.w.org\/{rel}","templated":true}]}}