{"id":8946,"date":"2025-08-12T10:57:14","date_gmt":"2025-08-12T13:57:14","guid":{"rendered":"https:\/\/mansha.santiagolena.com\/?post_type=product&#038;p=8946"},"modified":"2026-04-30T12:33:12","modified_gmt":"2026-04-30T15:33:12","slug":"ayudante-ajero","status":"publish","type":"product","link":"https:\/\/mansha.santiagolena.com\/en\/tienda\/ayudante-ajero\/","title":{"rendered":"Ayudante Ajero"},"content":{"rendered":"<div id=\"product-8458\" class=\"product type-product post-8458 status-publish first instock product_cat-accesorios-de-cocina product_cat-complementos product_tag-ayudante has-post-thumbnail featured taxable shipping-taxable purchasable product-type-variable ct-default-gallery ct-ajax-add-to-cart thumbs-left\">\n<div class=\"woocommerce-tabs wc-tabs-wrapper\" data-type=\"type-1:center\">\n<article>\n<div id=\"tab-description\" class=\"woocommerce-Tabs-panel woocommerce-Tabs-panel--description panel entry-content wc-tab is-layout-constrained\" role=\"tabpanel\" aria-labelledby=\"tab-title-description\">\n<p>Te contamos que todos los colores son esmaltes de producci\u00f3n artesanal, no industriales. Esto significa que cada piezas es \u00fanica y puede presentar ligeras variaciones en el tono.<\/p>\n<p>&nbsp;<\/p>\n<\/div>\n<\/article>\n<\/div>\n<\/div>","protected":false},"excerpt":{"rendered":"<p>Ayudante en una linea de herramientas y accesorios de cocina creada por Narda Lepes y Santiago Lena, destinada al uso cotidiano dom\u00e9stico y gastron\u00f3mico, combina dise\u00f1o y la belleza de la cer\u00e1mica artesanal.<\/p>","protected":false},"featured_media":8366,"template":"","meta":{"_acf_changed":false,"_monsterinsights_skip_tracking":false,"_monsterinsights_sitenote_active":false,"_monsterinsights_sitenote_note":"","_monsterinsights_sitenote_category":0,"_joinchat":[]},"product_brand":[],"product_cat":[88,76],"product_tag":[91],"class_list":{"0":"post-8946","1":"product","2":"type-product","3":"status-publish","4":"has-post-thumbnail","6":"product_cat-accesorios-de-cocina","7":"product_cat-complementos","8":"product_tag-ayudante","10":"first","11":"instock","12":"taxable","13":"shipping-taxable","14":"purchasable","15":"product-type-variable"},"acf":[],"brizy_media":[],"_links":{"self":[{"href":"https:\/\/mansha.santiagolena.com\/en\/wp-json\/wp\/v2\/product\/8946","targetHints":{"allow":["GET"]}}],"collection":[{"href":"https:\/\/mansha.santiagolena.com\/en\/wp-json\/wp\/v2\/product"}],"about":[{"href":"https:\/\/mansha.santiagolena.com\/en\/wp-json\/wp\/v2\/types\/product"}],"wp:featuredmedia":[{"embeddable":true,"href":"https:\/\/mansha.santiagolena.com\/en\/wp-json\/wp\/v2\/media\/8366"}],"wp:attachment":[{"href":"https:\/\/mansha.santiagolena.com\/en\/wp-json\/wp\/v2\/media?parent=8946"}],"wp:term":[{"taxonomy":"product_brand","embeddable":true,"href":"https:\/\/mansha.santiagolena.com\/en\/wp-json\/wp\/v2\/product_brand?post=8946"},{"taxonomy":"product_cat","embeddable":true,"href":"https:\/\/mansha.santiagolena.com\/en\/wp-json\/wp\/v2\/product_cat?post=8946"},{"taxonomy":"product_tag","embeddable":true,"href":"https:\/\/mansha.santiagolena.com\/en\/wp-json\/wp\/v2\/product_tag?post=8946"}],"curies":[{"name":"wp","href":"https:\/\/api.w.org\/{rel}","templated":true}]}}