{"id":8951,"date":"2025-08-12T11:06:16","date_gmt":"2025-08-12T14:06:16","guid":{"rendered":"https:\/\/mansha.santiagolena.com\/?post_type=product&#038;p=8951"},"modified":"2026-04-30T12:32:13","modified_gmt":"2026-04-30T15:32:13","slug":"ayudante-hierbas","status":"publish","type":"product","link":"https:\/\/mansha.santiagolena.com\/en\/tienda\/ayudante-hierbas\/","title":{"rendered":"Ayudante Hierbas"},"content":{"rendered":"<p>Te contamos que todos los colores son esmaltes de producci\u00f3n artesanal, no industriales. Esto significa que cada pieza es \u00fanica y puede presentar ligeras variaciones en el tono.<\/p>","protected":false},"excerpt":{"rendered":"<p>Ayudante en una linea de herramientas y accesorios de cocina creada por Narda Lepes y Santiago Lena, destinada al uso cotidiano dom\u00e9stico y gastron\u00f3mico, combina dise\u00f1o y la belleza de la cer\u00e1mica artesanal.<\/p>","protected":false},"featured_media":8382,"template":"","meta":{"_acf_changed":false,"_monsterinsights_skip_tracking":false,"_monsterinsights_sitenote_active":false,"_monsterinsights_sitenote_note":"","_monsterinsights_sitenote_category":0,"_joinchat":[]},"product_brand":[],"product_cat":[88,76],"product_tag":[91],"class_list":{"0":"post-8951","1":"product","2":"type-product","3":"status-publish","4":"has-post-thumbnail","6":"product_cat-accesorios-de-cocina","7":"product_cat-complementos","8":"product_tag-ayudante","10":"first","11":"instock","12":"taxable","13":"shipping-taxable","14":"purchasable","15":"product-type-variable"},"acf":[],"brizy_media":[],"_links":{"self":[{"href":"https:\/\/mansha.santiagolena.com\/en\/wp-json\/wp\/v2\/product\/8951","targetHints":{"allow":["GET"]}}],"collection":[{"href":"https:\/\/mansha.santiagolena.com\/en\/wp-json\/wp\/v2\/product"}],"about":[{"href":"https:\/\/mansha.santiagolena.com\/en\/wp-json\/wp\/v2\/types\/product"}],"wp:featuredmedia":[{"embeddable":true,"href":"https:\/\/mansha.santiagolena.com\/en\/wp-json\/wp\/v2\/media\/8382"}],"wp:attachment":[{"href":"https:\/\/mansha.santiagolena.com\/en\/wp-json\/wp\/v2\/media?parent=8951"}],"wp:term":[{"taxonomy":"product_brand","embeddable":true,"href":"https:\/\/mansha.santiagolena.com\/en\/wp-json\/wp\/v2\/product_brand?post=8951"},{"taxonomy":"product_cat","embeddable":true,"href":"https:\/\/mansha.santiagolena.com\/en\/wp-json\/wp\/v2\/product_cat?post=8951"},{"taxonomy":"product_tag","embeddable":true,"href":"https:\/\/mansha.santiagolena.com\/en\/wp-json\/wp\/v2\/product_tag?post=8951"}],"curies":[{"name":"wp","href":"https:\/\/api.w.org\/{rel}","templated":true}]}}