{"id":8960,"date":"2025-08-12T11:40:46","date_gmt":"2025-08-12T14:40:46","guid":{"rendered":"https:\/\/mansha.santiagolena.com\/?post_type=product&#038;p=8960"},"modified":"2026-04-30T12:26:35","modified_gmt":"2026-04-30T15:26:35","slug":"ayudante-mantequera-francesa","status":"publish","type":"product","link":"https:\/\/mansha.santiagolena.com\/en\/tienda\/ayudante-mantequera-francesa\/","title":{"rendered":"Ayudante Mantequera Francesa"},"content":{"rendered":"<p>Ideal para conservar la manteca fuera de la heladera y lista para untar. En la tapa o parte superior va la manteca presionada, es necesario colocar un poco de agua fria en la base y unir ambas partes: la manteca quedara sellada por el agua, cambia el agua cada dos o tres dias para conservar su frescura.<\/p>\n<p>Te contamos que todos los colores son de producci\u00f3n artesanal, no industriales. Esto significa que cada pieza es \u00fanica y puede presentar ligeras variaciones en el tono.<\/p>","protected":false},"excerpt":{"rendered":"<p>Ayudante en una linea de herramientas y accesorios de cocina creada por Narda Lepes y Santiago Lena, destinada al uso cotidiano dom\u00e9stico y gastron\u00f3mico, combina dise\u00f1o y la belleza de la cer\u00e1mica artesanal.<\/p>","protected":false},"featured_media":8390,"template":"","meta":{"_acf_changed":false,"_monsterinsights_skip_tracking":false,"_monsterinsights_sitenote_active":false,"_monsterinsights_sitenote_note":"","_monsterinsights_sitenote_category":0,"_joinchat":[]},"product_brand":[],"product_cat":[88,76],"product_tag":[91],"class_list":{"0":"post-8960","1":"product","2":"type-product","3":"status-publish","4":"has-post-thumbnail","6":"product_cat-accesorios-de-cocina","7":"product_cat-complementos","8":"product_tag-ayudante","10":"first","11":"instock","12":"featured","13":"taxable","14":"shipping-taxable","15":"purchasable","16":"product-type-variable"},"acf":[],"brizy_media":[],"_links":{"self":[{"href":"https:\/\/mansha.santiagolena.com\/en\/wp-json\/wp\/v2\/product\/8960","targetHints":{"allow":["GET"]}}],"collection":[{"href":"https:\/\/mansha.santiagolena.com\/en\/wp-json\/wp\/v2\/product"}],"about":[{"href":"https:\/\/mansha.santiagolena.com\/en\/wp-json\/wp\/v2\/types\/product"}],"wp:featuredmedia":[{"embeddable":true,"href":"https:\/\/mansha.santiagolena.com\/en\/wp-json\/wp\/v2\/media\/8390"}],"wp:attachment":[{"href":"https:\/\/mansha.santiagolena.com\/en\/wp-json\/wp\/v2\/media?parent=8960"}],"wp:term":[{"taxonomy":"product_brand","embeddable":true,"href":"https:\/\/mansha.santiagolena.com\/en\/wp-json\/wp\/v2\/product_brand?post=8960"},{"taxonomy":"product_cat","embeddable":true,"href":"https:\/\/mansha.santiagolena.com\/en\/wp-json\/wp\/v2\/product_cat?post=8960"},{"taxonomy":"product_tag","embeddable":true,"href":"https:\/\/mansha.santiagolena.com\/en\/wp-json\/wp\/v2\/product_tag?post=8960"}],"curies":[{"name":"wp","href":"https:\/\/api.w.org\/{rel}","templated":true}]}}