{"id":8961,"date":"2025-08-12T11:47:08","date_gmt":"2025-08-12T14:47:08","guid":{"rendered":"https:\/\/mansha.santiagolena.com\/?post_type=product&#038;p=8961"},"modified":"2026-04-30T12:22:42","modified_gmt":"2026-04-30T15:22:42","slug":"ayudante-mortero","status":"publish","type":"product","link":"https:\/\/mansha.santiagolena.com\/en\/tienda\/ayudante-mortero\/","title":{"rendered":"Ayudante Mortero"},"content":{"rendered":"<div class=\"woocommerce-variation-description\">\n<p>Para moler, mezclar y dar sabor con tus propias manos. Apto lavavajillas.<\/p>\n<p>Cuenco y pilon de pasta de gres sin esmalte.<\/p>\n<ul>\n<li>15% OFF ($76.500) con transferencia bancaria.<\/li>\n<\/ul>\n<\/div>\n<div class=\"woocommerce-variation-price\"><\/div>","protected":false},"excerpt":{"rendered":"<div class=\"woocommerce-product-details__short-description\">\n<p>Ayudante en una linea de herramientas y accesorios de cocina creada por Narda Lepes y Santiago Lena, destinada al uso cotidiano dom\u00e9stico y gastron\u00f3mico, combina dise\u00f1o y la belleza de la cer\u00e1mica artesanal.<\/p>\n<\/div>","protected":false},"featured_media":8398,"template":"","meta":{"_acf_changed":false,"_monsterinsights_skip_tracking":false,"_monsterinsights_sitenote_active":false,"_monsterinsights_sitenote_note":"","_monsterinsights_sitenote_category":0,"_joinchat":[]},"product_brand":[],"product_cat":[88,76],"product_tag":[91],"class_list":{"0":"post-8961","1":"product","2":"type-product","3":"status-publish","4":"has-post-thumbnail","6":"product_cat-accesorios-de-cocina","7":"product_cat-complementos","8":"product_tag-ayudante","10":"first","11":"instock","12":"taxable","13":"shipping-taxable","14":"purchasable","15":"product-type-simple"},"acf":[],"brizy_media":[],"_links":{"self":[{"href":"https:\/\/mansha.santiagolena.com\/en\/wp-json\/wp\/v2\/product\/8961","targetHints":{"allow":["GET"]}}],"collection":[{"href":"https:\/\/mansha.santiagolena.com\/en\/wp-json\/wp\/v2\/product"}],"about":[{"href":"https:\/\/mansha.santiagolena.com\/en\/wp-json\/wp\/v2\/types\/product"}],"wp:featuredmedia":[{"embeddable":true,"href":"https:\/\/mansha.santiagolena.com\/en\/wp-json\/wp\/v2\/media\/8398"}],"wp:attachment":[{"href":"https:\/\/mansha.santiagolena.com\/en\/wp-json\/wp\/v2\/media?parent=8961"}],"wp:term":[{"taxonomy":"product_brand","embeddable":true,"href":"https:\/\/mansha.santiagolena.com\/en\/wp-json\/wp\/v2\/product_brand?post=8961"},{"taxonomy":"product_cat","embeddable":true,"href":"https:\/\/mansha.santiagolena.com\/en\/wp-json\/wp\/v2\/product_cat?post=8961"},{"taxonomy":"product_tag","embeddable":true,"href":"https:\/\/mansha.santiagolena.com\/en\/wp-json\/wp\/v2\/product_tag?post=8961"}],"curies":[{"name":"wp","href":"https:\/\/api.w.org\/{rel}","templated":true}]}}