{"id":9166,"date":"2025-12-19T17:31:54","date_gmt":"2025-12-19T20:31:54","guid":{"rendered":"https:\/\/mansha.santiagolena.com\/?post_type=product&#038;p=9166"},"modified":"2026-04-30T12:00:46","modified_gmt":"2026-04-30T15:00:46","slug":"velas-aromaticas","status":"publish","type":"product","link":"https:\/\/mansha.santiagolena.com\/en\/tienda\/velas-aromaticas\/","title":{"rendered":"Velas Arom\u00e1ticas"},"content":{"rendered":"<p>Velas Arom\u00e1ticas en 3 tama\u00f1os:<\/p>\n<p>Chica, Mediana y Grande con tapa. Colores disponibles: Amarillo, Blanco, Celeste, Negro, Multicolor y Verde.<\/p>\n<p>TIPS PARA TUS VELAS:<\/p>\n<ul>\n<li>Siempre deja que se derrita toda la superficie.<\/li>\n<li>Evita encendedores, podes prenderlas con f\u00f3sforos e intencionarlas.<\/li>\n<li>Evita que la cera liquida supere el cent\u00edmetro y medio.<\/li>\n<li>Recorta el pabilo antes de volver a encenderla.<\/li>\n<\/ul>","protected":false},"excerpt":{"rendered":"<p>Aromas que acompa\u00f1an tus espacios en colaboraci\u00f3n con @Apothekevelas de Bs. As. y @_studioiris de Cba.<\/p>","protected":false},"featured_media":9174,"template":"","meta":{"_acf_changed":false,"_monsterinsights_skip_tracking":false,"_monsterinsights_sitenote_active":false,"_monsterinsights_sitenote_note":"","_monsterinsights_sitenote_category":0,"_joinchat":[]},"product_brand":[],"product_cat":[76],"product_tag":[90,89],"class_list":{"0":"post-9166","1":"product","2":"type-product","3":"status-publish","4":"has-post-thumbnail","6":"product_cat-complementos","7":"product_tag-mansha-cais","8":"product_tag-mansha-esencial","10":"first","11":"instock","12":"taxable","13":"shipping-taxable","14":"purchasable","15":"product-type-variable"},"acf":[],"brizy_media":[],"_links":{"self":[{"href":"https:\/\/mansha.santiagolena.com\/en\/wp-json\/wp\/v2\/product\/9166","targetHints":{"allow":["GET"]}}],"collection":[{"href":"https:\/\/mansha.santiagolena.com\/en\/wp-json\/wp\/v2\/product"}],"about":[{"href":"https:\/\/mansha.santiagolena.com\/en\/wp-json\/wp\/v2\/types\/product"}],"wp:featuredmedia":[{"embeddable":true,"href":"https:\/\/mansha.santiagolena.com\/en\/wp-json\/wp\/v2\/media\/9174"}],"wp:attachment":[{"href":"https:\/\/mansha.santiagolena.com\/en\/wp-json\/wp\/v2\/media?parent=9166"}],"wp:term":[{"taxonomy":"product_brand","embeddable":true,"href":"https:\/\/mansha.santiagolena.com\/en\/wp-json\/wp\/v2\/product_brand?post=9166"},{"taxonomy":"product_cat","embeddable":true,"href":"https:\/\/mansha.santiagolena.com\/en\/wp-json\/wp\/v2\/product_cat?post=9166"},{"taxonomy":"product_tag","embeddable":true,"href":"https:\/\/mansha.santiagolena.com\/en\/wp-json\/wp\/v2\/product_tag?post=9166"}],"curies":[{"name":"wp","href":"https:\/\/api.w.org\/{rel}","templated":true}]}}